{"id":7,"date":"2017-01-13T19:48:32","date_gmt":"2017-01-13T19:48:32","guid":{"rendered":"https:\/\/themazine.com\/wp\/edutech\/?page_id=7"},"modified":"2025-03-31T12:30:00","modified_gmt":"2025-03-31T12:30:00","slug":"home-version-one","status":"publish","type":"page","link":"https:\/\/vertifarms.adelinaoprea.ro\/ro\/","title":{"rendered":"Home Version One"},"content":{"rendered":"<p>[vc_row el_id=&#8221;banner&#8221;][vc_column][rev_slider_vc alias=&#8221;home&#8221;][\/vc_column][\/vc_row][vc_row gap=&#8221;15&#8243; container=&#8221;1&#8243; css=&#8221;.vc_custom_1650439938521{margin-top: 25px !important;}&#8221;][vc_column width=&#8221;1\/3&#8243; css=&#8221;.vc_custom_1650440435216{padding-bottom: 20px !important;}&#8221;][vc_column_text]<\/p>\n<div class=\"block_home_1\">\n<ul class=\"ul_home_1\">\n<li>KA2 &#8211; Parteneriat Strategic<\/li>\n<li>KA220-YOU &#8211; Parteneriate de cooperare \u00een domeniul tineretului<\/li>\n<li>Contract nr: 2021-1-RO01-KA220-YOU-000029554<\/li>\n<li>Titlul proiectului: Agricultur\u0103 vertical\u0103 pentru tineri din comunit\u0103\u021bi rurale \u0219i urbane<\/li>\n<li>Perioada de implementare: 01.02.2022 \u2013 31.01.2025<\/li>\n<li>Grant EU: 230591 EUR<\/li>\n<li>Verti4You\u00a0<a href=\"https:\/\/erasmus-plus.ec.europa.eu\/projects\/search\/details\/2021-1-RO01-KA220-YOU-000029554\">sumar proiect<\/a><\/li>\n<\/ul>\n<\/div>\n<p>[\/vc_column_text][\/vc_column][vc_column width=&#8221;1\/3&#8243; css=&#8221;.vc_custom_1650440447730{padding-bottom: 20px !important;}&#8221;][vc_single_image image=&#8221;878&#8243; img_size=&#8221;medium&#8221; alignment=&#8221;center&#8221;][vc_single_image image=&#8221;13192&#8243; img_size=&#8221;medium&#8221; alignment=&#8221;center&#8221;][\/vc_column][vc_column width=&#8221;1\/3&#8243; css=&#8221;.vc_custom_1650440461677{padding-bottom: 20px !important;}&#8221;][vc_column_text]<\/p>\n<div class=\"block_home_1\">&#8220;Con\u0163inutul prezentului material reprezint\u0103 responsabilitatea exclusiv\u0103 a autorilor, iar Agen\u0163ia Na\u0163ional\u0103 \u015fi Comisia European\u0103 nu sunt responsabile pentru modul \u00een care va fi folosit con\u0163inutul informa\u0163iei&#8221;<\/div>\n<p>[\/vc_column_text][\/vc_column][\/vc_row][vc_row][vc_column][vc_text_separator title=&#8221;Cursurile noastre&#8221; i_icon_fontawesome=&#8221;fas fa-book-reader&#8221; i_color=&#8221;peacoc&#8221; i_size=&#8221;lg&#8221; add_icon=&#8221;true&#8221; css=&#8221;.vc_custom_1701771806452{margin-top: 15px !important;margin-bottom: 15px !important;}&#8221;][vc_column_text]<\/p>\n<div class=\"learnpress\"><div class=\"lp-archive-courses\">\n\t<div class=\"lp-content-area\">\n\t\t\n\t\t<ul class=\"learn-press-courses\" data-layout=\"grid\">\n<li id=\"post-13200\" class=\"post-13200 lp_course type-lp_course status-publish has-post-thumbnail hentry course\">\n\n\t<div class=\"course-item\">\n\t\t<div class=\"course-wrap-thumbnail\">\n<div class=\"course-thumbnail\">\n\t<a href=\"https:\/\/vertifarms.adelinaoprea.ro\/ro\/cours\/digital-training-pack-for-vertical-farming\/\">\n\t\t<div class=\"thumbnail-preview\">\n\t\t\t<div class=\"thumbnail\">\n\t\t\t\t<div class=\"centered\">\n\t\t\t\t\t<img loading=\"lazy\" decoding=\"async\" width=\"500\" height=\"300\" src=\"https:\/\/vertifarms.adelinaoprea.ro\/wp-content\/uploads\/2025\/03\/2.-Poza-manual-1-Digital-training-pack-for-Vertical-farming-500x300.png\" class=\"attachment-500x300 size-500x300 wp-post-image\" alt=\"Digital Training Pack for Vertical farming\" title=\"Digital Training Pack for Vertical farming\" \/>\t\t\t\t<\/div>\n\t\t\t<\/div>\n\t\t<\/div>\n\t<\/a>\n<\/div>\n<\/div><!-- START .course-content --> <div class=\"course-content\">\n\n<span class=\"course-instructor\">\n\t<a href=\"https:\/\/vertifarms.adelinaoprea.ro\/ro\/lp-profile\/admin\/\"><span>Admin<\/span><\/a><\/span>\n\n\t\t<a href=\"https:\/\/vertifarms.adelinaoprea.ro\/ro\/cours\/digital-training-pack-for-vertical-farming\/\" class=\"course-permalink\">\n\n\t\t\t\n<h3 class=\"course-title\">Digital Training Pack for Vertical farming<\/h3>\n\n\t\t<\/a>\n\n\t\t\t<\/div>\n<\/li>\n\n<li id=\"post-13202\" class=\"post-13202 lp_course type-lp_course status-publish has-post-thumbnail hentry course\">\n\n\t<div class=\"course-item\">\n\t\t<div class=\"course-wrap-thumbnail\">\n<div class=\"course-thumbnail\">\n\t<a href=\"https:\/\/vertifarms.adelinaoprea.ro\/ro\/cours\/digital-training-pack-for-social-entrepreneurship\/\">\n\t\t<div class=\"thumbnail-preview\">\n\t\t\t<div class=\"thumbnail\">\n\t\t\t\t<div class=\"centered\">\n\t\t\t\t\t<img loading=\"lazy\" decoding=\"async\" width=\"500\" height=\"300\" src=\"https:\/\/vertifarms.adelinaoprea.ro\/wp-content\/uploads\/2025\/03\/3.-Poza-manual-2-Digital-training-pack-for-Social-enterpreneurship-1-500x300.jpeg\" class=\"attachment-500x300 size-500x300 wp-post-image\" alt=\"Digital Training Pack for Social Entrepreneurship\" title=\"Digital Training Pack for Social Entrepreneurship\" \/>\t\t\t\t<\/div>\n\t\t\t<\/div>\n\t\t<\/div>\n\t<\/a>\n<\/div>\n<\/div><!-- START .course-content --> <div class=\"course-content\">\n\n<span class=\"course-instructor\">\n\t<a href=\"https:\/\/vertifarms.adelinaoprea.ro\/ro\/lp-profile\/admin\/\"><span>Admin<\/span><\/a><\/span>\n\n\t\t<a href=\"https:\/\/vertifarms.adelinaoprea.ro\/ro\/cours\/digital-training-pack-for-social-entrepreneurship\/\" class=\"course-permalink\">\n\n\t\t\t\n<h3 class=\"course-title\">Digital Training Pack for Social Entrepreneurship<\/h3>\n\n\t\t<\/a>\n\n\t\t\t<\/div>\n<\/li>\n<\/ul>\t<\/div>\n<\/div>\n\n<\/div>\n<p><br \/>\n[\/vc_column_text][\/vc_column][\/vc_row][vc_row][vc_column][vc_text_separator title=&#8221;Cele mai noi \u0219tiri&#8221;]   \n   \n\n<!-- Latest News ___________________________ -->\n<div class=\"latest-news wow fadeInUp theme-bg-color blog-v1 add-class\">\n    <div class=\"container\">\n                <div class=\"post-wrapper row\">\n                        <div class=\"single-post wow fadeInUp col-lg-4 col-md-4 col-sm-6 col-xs-6\">\n                <div class=\"img-holder\">\n                    <div class=\"date wow fadeInUp p-color-bg\">21 <span>ian.<\/span><\/div>\n                    <img loading=\"lazy\" decoding=\"async\" width=\"370\" height=\"250\" src=\"https:\/\/vertifarms.adelinaoprea.ro\/wp-content\/uploads\/2025\/03\/ME_ROM-370x250.jpg\" class=\"attachment-edutech_370x250 size-edutech_370x250 wp-post-image\" alt=\"\" \/>                    <a href=\"https:\/\/vertifarms.adelinaoprea.ro\/ro\/vertical-farming-can-transform-opportunities-for-youth-in-rural-and-urban-communities-examples-of-best-practices-success-stories-and-innovative-educational-solutions-for-sustainability-and-social-entr\/\" class=\"tran4s\"><\/a>\n                <\/div>\n                <div class=\"text-wrapper\">\n                    <div class=\"text tran4s\">\n                        <a href=\"https:\/\/vertifarms.adelinaoprea.ro\/ro\/vertical-farming-can-transform-opportunities-for-youth-in-rural-and-urban-communities-examples-of-best-practices-success-stories-and-innovative-educational-solutions-for-sustainability-and-social-entr\/\">Multiplier event &#8211; Vertical horticulture as opportunity for youth in Romania <\/a>\n                        <p>Vertical farming can transform opportunities for youth in rural and urban communities. Examples of best practices, success stories, and innovative ...<\/p>\n                    <\/div> <!-- \/.text -->\n                <\/div> <!-- \/.text-wrapper -->\n            <\/div> <!-- \/.single-post -->\n\t\t\t            <div class=\"single-post wow fadeInUp col-lg-4 col-md-4 col-sm-6 col-xs-6\">\n                <div class=\"img-holder\">\n                    <div class=\"date wow fadeInUp p-color-bg\">17 <span>ian.<\/span><\/div>\n                    <img loading=\"lazy\" decoding=\"async\" width=\"370\" height=\"250\" src=\"https:\/\/vertifarms.adelinaoprea.ro\/wp-content\/uploads\/2025\/03\/2.-Good-Practices-in-HE-RDI-NGO-Collaboration-in-Youth-Programs-370x250.jpg\" class=\"attachment-edutech_370x250 size-edutech_370x250 wp-post-image\" alt=\"\" \/>                    <a href=\"https:\/\/vertifarms.adelinaoprea.ro\/ro\/good-practices-in-he-rdi-ngo-collaboration-in-youth-programs-2\/\" class=\"tran4s\"><\/a>\n                <\/div>\n                <div class=\"text-wrapper\">\n                    <div class=\"text tran4s\">\n                        <a href=\"https:\/\/vertifarms.adelinaoprea.ro\/ro\/good-practices-in-he-rdi-ngo-collaboration-in-youth-programs-2\/\">Good Practices in HE, RDI &#038; NGO Collaboration in Youth Programs <\/a>\n                        <p>From January 16-20, 2025, Pignola, in the Basilicata region of Italy, hosts the transnational learning, teaching, and training activity &#8220;C6 ...<\/p>\n                    <\/div> <!-- \/.text -->\n                <\/div> <!-- \/.text-wrapper -->\n            <\/div> <!-- \/.single-post -->\n\t\t\t            <div class=\"single-post wow fadeInUp col-lg-4 col-md-4 col-sm-6 col-xs-6\">\n                <div class=\"img-holder\">\n                    <div class=\"date wow fadeInUp p-color-bg\">10 <span>mai<\/span><\/div>\n                    <img loading=\"lazy\" decoding=\"async\" width=\"370\" height=\"250\" src=\"https:\/\/vertifarms.adelinaoprea.ro\/wp-content\/uploads\/2025\/03\/3.-Verti4You-orgnises-the-TECHNICAl-Tour-S7-Vertical-Farming-at-EHC-2024-370x250.jpg\" class=\"attachment-edutech_370x250 size-edutech_370x250 wp-post-image\" alt=\"\" \/>                    <a href=\"https:\/\/vertifarms.adelinaoprea.ro\/ro\/verti4you-orgnises-the-technical-tour-s7-vertical-farming-at-ehc-2024\/\" class=\"tran4s\"><\/a>\n                <\/div>\n                <div class=\"text-wrapper\">\n                    <div class=\"text tran4s\">\n                        <a href=\"https:\/\/vertifarms.adelinaoprea.ro\/ro\/verti4you-orgnises-the-technical-tour-s7-vertical-farming-at-ehc-2024\/\">Verti4You orgnises the TECHNICAl Tour S7 &#8211; Vertical Farming, at EHC 2024 <\/a>\n                        <p>As part of the European Horticultural Congress (EHC), the Verti4You project organized a technical tour on vertical farming systems. Participants ...<\/p>\n                    <\/div> <!-- \/.text -->\n                <\/div> <!-- \/.text-wrapper -->\n            <\/div> <!-- \/.single-post -->\n\t\t\t        <\/div> <!-- \/.post-wrapper -->\n    <\/div> <!-- \/.container -->\n<\/div>\n\n[\/vc_column][\/vc_row]<\/p>","protected":false},"excerpt":{"rendered":"<p>[vc_row el_id=&#8221;banner&#8221;][vc_column][rev_slider_vc alias=&#8221;home&#8221;][\/vc_column][\/vc_row][vc_row gap=&#8221;15&#8243; container=&#8221;1&#8243; css=&#8221;.vc_custom_1650439938521{margin-top: 25px !important;}&#8221;][vc_column width=&#8221;1\/3&#8243; css=&#8221;.vc_custom_1650440435216{padding-bottom: 20px !important;}&#8221;][vc_column_text] KA2 &#8211; Parteneriat Strategic KA220-YOU &#8211; Parteneriate de<\/p>\n","protected":false},"author":1,"featured_media":0,"parent":0,"menu_order":0,"comment_status":"closed","ping_status":"closed","template":"tpl-visual_composer.php","meta":{"footnotes":""},"class_list":["post-7","page","type-page","status-publish","hentry"],"_links":{"self":[{"href":"https:\/\/vertifarms.adelinaoprea.ro\/ro\/wp-json\/wp\/v2\/pages\/7","targetHints":{"allow":["GET"]}}],"collection":[{"href":"https:\/\/vertifarms.adelinaoprea.ro\/ro\/wp-json\/wp\/v2\/pages"}],"about":[{"href":"https:\/\/vertifarms.adelinaoprea.ro\/ro\/wp-json\/wp\/v2\/types\/page"}],"author":[{"embeddable":true,"href":"https:\/\/vertifarms.adelinaoprea.ro\/ro\/wp-json\/wp\/v2\/users\/1"}],"replies":[{"embeddable":true,"href":"https:\/\/vertifarms.adelinaoprea.ro\/ro\/wp-json\/wp\/v2\/comments?post=7"}],"version-history":[{"count":38,"href":"https:\/\/vertifarms.adelinaoprea.ro\/ro\/wp-json\/wp\/v2\/pages\/7\/revisions"}],"predecessor-version":[{"id":13310,"href":"https:\/\/vertifarms.adelinaoprea.ro\/ro\/wp-json\/wp\/v2\/pages\/7\/revisions\/13310"}],"wp:attachment":[{"href":"https:\/\/vertifarms.adelinaoprea.ro\/ro\/wp-json\/wp\/v2\/media?parent=7"}],"curies":[{"name":"wp","href":"https:\/\/api.w.org\/{rel}","templated":true}]}}