{"id":9,"date":"2017-01-13T19:49:29","date_gmt":"2017-01-13T19:49:29","guid":{"rendered":"https:\/\/themazine.com\/wp\/edutech\/?page_id=9"},"modified":"2025-03-20T13:28:14","modified_gmt":"2025-03-20T13:28:14","slug":"about-us","status":"publish","type":"page","link":"https:\/\/vertifarms.adelinaoprea.ro\/ro\/about-us\/","title":{"rendered":"Despre noi"},"content":{"rendered":"<p>[vc_row][vc_column][\/vc_column][\/vc_row][vc_row container=&#8221;1&#8243; css=&#8221;.vc_custom_1635928843362{margin-top: 25px !important;}&#8221;][vc_column width=&#8221;1\/2&#8243;][vc_column_text]<strong>Cine suntem?<\/strong><\/p>\n<p>Un grup de trei universit\u0103\u021bi (<a href=\"https:\/\/www.usamv.ro\" target=\"_blank\" rel=\"noopener\">Universitatea de \u0218tiin\u021be Agronomice \u0219i Medicin\u0103 Veterinar\u0103 din Bucure\u0219ti<\/a>, <a href=\"https:\/\/ltu.bg\/en\/\" target=\"_blank\" rel=\"noopener\">Universitatea de Silvicultur\u0103 din Sofia<\/a> \u0219i <a href=\"https:\/\/uni-mate.hu\/\" target=\"_blank\" rel=\"noopener\">Universitatea Maghiar\u0103 de \u0218tiin\u021bele Agricole \u0219i \u0218tiin\u021bele Vie\u021bii<\/a>) \u0219i un Institut (<a href=\"https:\/\/arastirma.tarimorman.gov.tr\/zmmae\" target=\"_blank\" rel=\"noopener\">Direc\u021bia Central\u0103 de Cercetare pentru Protec\u021bia Plantelor<\/a>, Ankara) \u0219i-au unit for\u021bele pentru a contribui la o educa\u021bie \u0219i formare &#8220;mai verde&#8221; pentru masteranzii \u00een horticultur\u0103. Mai mult despre noi, <a href=\"https:\/\/dev.hortgreen.com\/partners\/\" target=\"_blank\" rel=\"noopener\">aici<\/a>.<\/p>\n<p>&nbsp;<\/p>\n<p><strong><img loading=\"lazy\" decoding=\"async\" class=\"alignnone size-full wp-image-1162\" src=\"https:\/\/hortgreen.com\/wp-content\/uploads\/2022\/02\/1.-About-us_who-we-are-1-1.jpg\" alt=\"\" width=\"1280\" height=\"720\" srcset=\"https:\/\/vertifarms.adelinaoprea.ro\/wp-content\/uploads\/2022\/02\/1.-About-us_who-we-are-1-1.jpg 1280w, https:\/\/vertifarms.adelinaoprea.ro\/wp-content\/uploads\/2022\/02\/1.-About-us_who-we-are-1-1-300x169.jpg 300w, https:\/\/vertifarms.adelinaoprea.ro\/wp-content\/uploads\/2022\/02\/1.-About-us_who-we-are-1-1-1024x576.jpg 1024w, https:\/\/vertifarms.adelinaoprea.ro\/wp-content\/uploads\/2022\/02\/1.-About-us_who-we-are-1-1-768x432.jpg 768w\" sizes=\"auto, (max-width: 1280px) 100vw, 1280px\" \/><\/strong><\/p>\n<p>&nbsp;<\/p>\n<p><strong>De ce acest proiect?<\/strong><\/p>\n<p>\u00cen Europa, din ce \u00een ce mai multe institu\u021bii sufer\u0103 din cauza &#8220;nepotrivirii tot mai mari&#8221; cu pia\u021ba muncii.<br \/>\nPia\u021ba muncii este \u00eentr-o continu\u0103 schimbare, ca urmare a progresului tehnologic, a ecologiz\u0103rii \u0219i a \u00eemb\u0103tr\u00e2nirii for\u021bei de munc\u0103.<br \/>\nInstitu\u021biile de \u00eenv\u0103\u021b\u0103m\u00e2nt superior au responsabilitatea de a reduce acest decalaj, de a preg\u0103ti tinerele genera\u021bii \u0219i de a promova disponibilitaea pentru angajare \u0219i dezvoltarea personal\u0103 a acestora. Europa depune constant eforturi pentru a-\u0219i adapta politicile, strategiile \u0219i ac\u021biunile pentru a construi un viitor mai sigur pentru cet\u0103\u021benii s\u0103i. O astfel de ac\u021biune este Pactul Verde European , un set de ini\u021biative politice ale UE care urm\u0103resc s\u0103 fac\u0103 Europa neutr\u0103 din punct de vedere climatic \u00een 2050, prin introducerea unei noi legisla\u021bii privind economia circular\u0103, renovarea cl\u0103dirilor, biodiversitatea, agricultura \u0219i inovarea.<\/p>\n<p><strong>Ce dorim?<\/strong><\/p>\n<p>Scopul general al Hort4EUGreen poate fi considerat consolidarea capacit\u0103\u021bii institu\u021biilor partenere de a oferi studen\u021bilor la master cele mai noi standarde \u00een educa\u021bia \u0219i instruirea pe teme noi, emergente, din horticultur\u0103, r\u0103spunz\u00e2nd astfel nevoilor reale ale pie\u021bei muncii.<br \/>\nNe baz\u0103m pe studen\u021bii \u0219i personalul nostru pentru a dob\u00e2ndi noi cuno\u0219tin\u021be, abilit\u0103\u021bi \u0219i atitudini care le vor spori \u0219ansele la un loc de munc\u0103 sau o afacere mai bun\u0103 \u00een viitor (pentru studen\u021bi) \u0219i s\u0103 sporeasc\u0103 nivelul de satisfac\u021bie al profesorilor, \u00een urma unei bune aprecieri a elevilor lor. Pentru aceasta, vom furniza dou\u0103 materiale online de preg\u0103tire, dou\u0103 resurse deshise pentru \u00eenv\u0103\u021bare, dou\u0103 materiale educa\u021bionale \u00een format audio-video \u0219i o platform\u0103 de \u00eenv\u0103\u021bare \u0219i preg\u0103tire.<\/p>\n<p><strong>Care va fi impactul?<\/strong><\/p>\n<p>Partenerii din Rom\u00e2nia, Bulgaria, Ungaria \u0219i Turcia vor lucra \u00eempreun\u0103 pentru a publica \u0219i oferi publicului larg rezultatele proiectului. Coordonatorul proiectului, USAMV din Bucure\u0219ti, de\u021bine un centru de cercetare modern, capabil s\u0103 r\u0103spund\u0103 solicit\u0103rilor proiectului Hort4EUGreen, \u0219i studen\u021bi, masteranzi \u0219i doctoranzi devota\u021bi, dornici s\u0103-\u0219i dezvolte continuu abilit\u0103\u021bile practice. Vom facilita acumularea de noi cuno\u0219tin\u021be teoretice \u0219i practice din patru domenii noi \u0219i emergente \u00een horticultur\u0103, la un nivel de predare de master.<\/p>\n<p><strong>Cand ?<\/strong><\/p>\n<p>Primele rezultate ale proiectului vor deveni disponibile online la sf\u00e2r\u0219itul anului 2021. Pe parcursul fiec\u0103rui an, noi rezultate vor fi afi\u0219ate. Pentru mai multe detalii, accesa\u021bi pagina de Rezultate.[\/vc_column_text][\/vc_column][vc_column width=&#8221;1\/2&#8243; css=&#8221;.vc_custom_1635928385360{background-color: #e6e6e6 !important;}&#8221;][vc_single_image image=&#8221;928&#8243; img_size=&#8221;large&#8221; alignment=&#8221;center&#8221;][vc_column_text]<\/p>\n<div class=\"gdlr-core-pbf-element\">\n<div class=\"gdlr-core-title-item gdlr-core-item-pdb clearfix gdlr-core-left-align gdlr-core-title-item-caption-top gdlr-core-item-pdlr\">\n<div class=\"gdlr-core-title-item-left-image-wrap\">\n<div class=\"gdlr-core-title-item-title-wrap clearfix\">\n<h3 class=\"gdlr-core-title-item-title gdlr-core-skin-title \"><img loading=\"lazy\" decoding=\"async\" class=\"size-full wp-image-926 alignleft\" src=\"https:\/\/hortgreen.com\/wp-content\/uploads\/2021\/11\/growth-v1.png\" alt=\"\" width=\"25\" height=\"31\" \/>Hort4EUGreen a fost inspirat de programul Pactul Verde European.<\/h3>\n<\/div>\n<\/div>\n<\/div>\n<\/div>\n<div class=\"gdlr-core-pbf-element\">\n<div class=\"gdlr-core-text-box-item gdlr-core-item-pdlr gdlr-core-item-pdb gdlr-core-left-align\">\n<div class=\"gdlr-core-text-box-item-content\">\n<p>Europa depune eforturi \u00een mod constant pentru a-\u0219i adapta politicile, strategiile \u0219i ac\u021biunile \u00een scopul construirii unui viitor mai sigur pentru cet\u0103\u021benii s\u0103i. Pactul Verde European este un set de ini\u021biative politice prezentate de Comisia European\u0103 cu scopul general de a face Europa neutr\u0103 din punct de vedere climatic p\u00e2n\u0103 \u00een 2050, prin introducerea de noi reglement\u0103ri privind economia circular\u0103, renovarea cl\u0103dirilor, biodiversitatea, agricultura \u0219i inovarea.<\/p>\n<p>Pactul Verde European va \u00eembun\u0103t\u0103\u021bi bun\u0103starea \u0219i s\u0103n\u0103tatea cet\u0103\u021benilor \u0219i a genera\u021biilor viitoare, oferind:<\/p>\n<\/div>\n<\/div>\n<\/div>\n<p>[\/vc_column_text][vc_single_image image=&#8221;925&#8243; img_size=&#8221;large&#8221; alignment=&#8221;center&#8221;][vc_column_text]<\/p>\n<div class=\"gdlr-core-pbf-element\">\n<div class=\"gdlr-core-text-box-item gdlr-core-item-pdlr gdlr-core-item-pdb gdlr-core-left-align\">\n<p>G\u0103si\u021bi mai multe detalii <a href=\"https:\/\/ec.europa.eu\/info\/strategy\/priorities-2019-2024\/european-green-deal_en\" target=\"_blank\" rel=\"noopener\">aici<\/a>.<\/p>\n<p>&nbsp;<\/p>\n<\/div>\n<div class=\"gdlr-core-pbf-element\">\n<div class=\"gdlr-core-title-item gdlr-core-item-pdb clearfix gdlr-core-left-align gdlr-core-title-item-caption-top gdlr-core-item-pdlr\">\n<div class=\"gdlr-core-title-item-left-image-wrap\">\n<div class=\"gdlr-core-title-item-title-wrap clearfix\">\n<h3 class=\"gdlr-core-title-item-title gdlr-core-skin-title \"><img loading=\"lazy\" decoding=\"async\" class=\"wp-image-1177 alignleft\" src=\"https:\/\/hortgreen.com\/wp-content\/uploads\/2022\/03\/logo-about-us-1.png\" alt=\"\" width=\"70\" height=\"68\" \/>\u201dEuropean Research Alliance\u201d a fost catalizatorul Hort4EUGreen<\/h3>\n<\/div>\n<\/div>\n<\/div>\n<\/div>\n<div class=\"gdlr-core-pbf-element\">\n<div class=\"gdlr-core-text-box-item gdlr-core-item-pdlr gdlr-core-item-pdb gdlr-core-left-align\">\n<div class=\"gdlr-core-text-box-item-content\">\n<p>\u201dEuropean Research Alliance\u201d \u00ee\u0219i propune s\u0103 dezvolte noi strategii comune de cercetare \u0219i experimentare \u00een \u00eentreaga Europ\u0103 pentru o hran\u0103 \u0219i un mediu mai sigure. \u00cen prezent, horticultura este domeniul cu cea mai mare rat\u0103 de utilizare a pesticidelor, de aceea este principalul domeniu \u00een care trebuie implementate schimb\u0103ri. Doi din patru membri ai consor\u021biului nostru (<a href=\"http:\/\/www.usamv.ro\/index.php\/en\/25-news\/912-alternatives-to-chemical-pesticides\" target=\"_blank\" rel=\"noopener\">USAMV din Bucure\u0219ti<\/a> \u0219i <a href=\"https:\/\/www.era-pesticidefree.eu\/About-us\" target=\"_blank\" rel=\"noopener\">UNI-MATE, Ungaria<\/a>) sunt membri ai acestei alian\u021be, \u00een timp ce Turcia are un mare interes s\u0103 \u00eendeplineasc\u0103 acelea\u0219i obiective, \u00een cooperare cu colegii ei din UE. Participarea la o alian\u021b\u0103 cu obiective at\u00e2t de \u00eenalte necesit\u0103 speciali\u0219ti bine preg\u0103ti\u021bi, capabili at\u00e2t s\u0103 \u00een\u021beleag\u0103 contextul, c\u00e2t \u0219i s\u0103 performeze la standarde \u00eenalte. Pe baza acestor trei motive principale \u0219i a temelor abordate de cele patru materiale de instruire ale noastre, \u201eabordarea lipsei sau nepotrivirilor de competen\u021be\u201d devine cea mai relevant\u0103 prioritate a proiectului nostru. Declara\u021bia comun\u0103 de inten\u021bie a fost semnat\u0103 la 24 februarie 2020 de 24 de organiza\u021bii de cercetare din 16 \u021b\u0103ri europene, av\u00e2nd ca scop \u201dO agricultur\u0103 f\u0103r\u0103 pesticide chimice\u201d. \u201dEuropean Research Alliance\u201d \u00ee\u0219i propune s\u0103 reg\u00e2ndeasc\u0103 modul \u00een care este efectuat\u0103 cercetarea \u0219i s\u0103 dezvolte noi strategii comune de cercetare \u0219i testare \u00een \u00eentreaga Europ\u0103.<br \/>\nMai multe detalii <a href=\"https:\/\/www.era-pesticidefree.eu\/\" target=\"_blank\" rel=\"noopener\">aici<\/a>.<\/p>\n<\/div>\n<\/div>\n<\/div>\n<\/div>\n<p>[\/vc_column_text][\/vc_column][\/vc_row]<\/p>\n","protected":false},"excerpt":{"rendered":"<p>[vc_row][vc_column][\/vc_column][\/vc_row][vc_row container=&#8221;1&#8243; css=&#8221;.vc_custom_1635928843362{margin-top: 25px !important;}&#8221;][vc_column width=&#8221;1\/2&#8243;][vc_column_text]Cine suntem? Un grup de trei universit\u0103\u021bi (Universitatea de \u0218tiin\u021be Agronomice \u0219i Medicin\u0103 Veterinar\u0103 din<\/p>\n","protected":false},"author":1,"featured_media":0,"parent":0,"menu_order":0,"comment_status":"closed","ping_status":"closed","template":"tpl-visual_composer.php","meta":{"footnotes":""},"class_list":["post-9","page","type-page","status-publish","hentry"],"_links":{"self":[{"href":"https:\/\/vertifarms.adelinaoprea.ro\/ro\/wp-json\/wp\/v2\/pages\/9","targetHints":{"allow":["GET"]}}],"collection":[{"href":"https:\/\/vertifarms.adelinaoprea.ro\/ro\/wp-json\/wp\/v2\/pages"}],"about":[{"href":"https:\/\/vertifarms.adelinaoprea.ro\/ro\/wp-json\/wp\/v2\/types\/page"}],"author":[{"embeddable":true,"href":"https:\/\/vertifarms.adelinaoprea.ro\/ro\/wp-json\/wp\/v2\/users\/1"}],"replies":[{"embeddable":true,"href":"https:\/\/vertifarms.adelinaoprea.ro\/ro\/wp-json\/wp\/v2\/comments?post=9"}],"version-history":[{"count":58,"href":"https:\/\/vertifarms.adelinaoprea.ro\/ro\/wp-json\/wp\/v2\/pages\/9\/revisions"}],"predecessor-version":[{"id":13223,"href":"https:\/\/vertifarms.adelinaoprea.ro\/ro\/wp-json\/wp\/v2\/pages\/9\/revisions\/13223"}],"wp:attachment":[{"href":"https:\/\/vertifarms.adelinaoprea.ro\/ro\/wp-json\/wp\/v2\/media?parent=9"}],"curies":[{"name":"wp","href":"https:\/\/api.w.org\/{rel}","templated":true}]}}