{"id":940,"date":"2021-11-03T08:53:18","date_gmt":"2021-11-03T08:53:18","guid":{"rendered":"https:\/\/hortgreen.com\/?page_id=940"},"modified":"2025-03-19T16:27:21","modified_gmt":"2025-03-19T16:27:21","slug":"objectives","status":"publish","type":"page","link":"https:\/\/vertifarms.adelinaoprea.ro\/ro\/objectives\/","title":{"rendered":"Obiective"},"content":{"rendered":"<p>[vc_row][vc_column][\/vc_column][\/vc_row][vc_row container=&#8221;1&#8243; css=&#8221;.vc_custom_1635930059565{margin-top: 25px !important;}&#8221;][vc_column width=&#8221;1\/2&#8243;][vc_column_text]<\/p>\n<div class=\"gdlr-core-pbf-element\">\n<div class=\"gdlr-core-text-box-item gdlr-core-item-pdlr gdlr-core-item-pdb gdlr-core-left-align\">\n<div class=\"gdlr-core-text-box-item-content\"><strong>Obiectivul general<\/strong> al proiectului Hort4EUGreen este de a instrui personalul \u0219i studen\u021bii organiza\u021biilor partenere \u00een patru domenii relevante pentru Pactul Verde European, astfel \u00eenc\u00e2t cuno\u0219tin\u021bele \u0219i abilit\u0103\u021bile lor practice \u00een utilizarea tehnologiilor moderne de cultur\u0103, s\u0103 r\u0103spund\u0103 cerin\u021belor reale de pe pia\u021ba muncii.<\/div>\n<\/div>\n<\/div>\n<div class=\"gdlr-core-pbf-element\">\n<div class=\"gdlr-core-title-item gdlr-core-item-pdb clearfix gdlr-core-left-align gdlr-core-title-item-caption-top gdlr-core-item-pdlr\">\n<div class=\"gdlr-core-title-item-title-wrap clearfix\">\n<h3 class=\"gdlr-core-title-item-title gdlr-core-skin-title \">Obiectivele specifice ale proiectului sunt:<\/h3>\n<\/div>\n<\/div>\n<\/div>\n<div class=\"gdlr-core-pbf-element\">\n<div class=\"gdlr-core-icon-list-item gdlr-core-item-pdlr gdlr-core-item-pdb clearfix gdlr-core-left-align gdlr-core-style-1\">\n<ul>\n<li class=\" gdlr-core-skin-divider clearfix\">\n<div class=\"gdlr-core-icon-list-content-wrap\"><i class=\"gdlr-core-icon-list-icon fa fa-dot-circle-o\"><\/i>\u00cembun\u0103t\u0103\u021birea abilit\u0103\u021bilor \u0219i competen\u021belor personalului didactic \u0219i nedidactic al institu\u021biilor partenere de a utiliza noi metode \u0219i protocoale de analiz\u0103 a produselor alimentare \u0219i agricole, prin participarea la trei programe de formare \u0219i patru mobilit\u0103\u021bi de personal.<\/div>\n<\/li>\n<li class=\" gdlr-core-skin-divider clearfix\">\n<div class=\"gdlr-core-icon-list-content-wrap\"><i class=\"gdlr-core-icon-list-icon fa fa-dot-circle-o\"><\/i>\u00cembun\u0103t\u0103\u021birea abilit\u0103\u021bilor \u0219i competen\u021belor masteranzilor institu\u021biilor partenere de a utiliza noi metode \u0219i protocoale \u00een domeniul analizei produselor alimentare \u0219i agricole prin participarea la dou\u0103 programe de \u00eenv\u0103\u021bare, predare \u0219i formare.<\/div>\n<\/li>\n<li class=\" gdlr-core-skin-divider clearfix\">\n<div class=\"gdlr-core-icon-list-content-wrap\"><i class=\"gdlr-core-icon-list-icon fa fa-dot-circle-o\"><\/i>Transformarea masteranzilor \u0219i personalului din \u00eenv\u0103\u021b\u0103m\u00e2ntul superior \u00een adev\u0103ra\u021bi factori de schimbare pentru conceptul de sustenabilitate, prin livrarea a patru materiale educa\u021bionale \u0219i un instrument digital care urmeaz\u0103 s\u0103 fie implementat de toate institu\u021biile participante.<\/div>\n<\/li>\n<li class=\" gdlr-core-skin-divider clearfix\">\n<div class=\"gdlr-core-icon-list-content-wrap\"><i class=\"gdlr-core-icon-list-icon fa fa-dot-circle-o\"><\/i>Implementarea unei abord\u0103ri transdisciplinare \u0219i a unei pedagogii inovatoare \u00een cele trei cursuri de master \u00een domeniul horticulturii prin introducerea unui modul de \u00eenv\u0103\u021bare bazat pe cercetare. Acest modul, care sprijin\u0103 dob\u00e2ndirea de competen\u021be transferabile, orientate spre viitor, va fi realizat prin intermediul a trei rezultate inovatoare care vor fi utilizate de personalul din \u00eenv\u0103\u021b\u0103m\u00e2ntul superior care activeaz\u0103 \u00een domeniul produc\u021biei ecologice \u0219i al biodiversit\u0103\u0163ii.<\/div>\n<\/li>\n<\/ul>\n<\/div>\n<\/div>\n<p>[\/vc_column_text][\/vc_column][vc_column width=&#8221;1\/2&#8243; css=&#8221;.vc_custom_1635930135249{background-color: #e6e6e6 !important;}&#8221;][vc_single_image image=&#8221;942&#8243; img_size=&#8221;large&#8221;][vc_column_text]<\/p>\n<div class=\"gdlr-core-pbf-element\">\n<div class=\"gdlr-core-title-item gdlr-core-item-pdb clearfix gdlr-core-left-align gdlr-core-title-item-caption-top gdlr-core-item-pdlr\">\n<div class=\"gdlr-core-title-item-title-wrap clearfix\">\n<h3><\/h3>\n<h3 class=\"gdlr-core-title-item-title gdlr-core-skin-title \"><strong>Vrei s\u0103 afli mai mult despre proiect sau cum po\u021bi contribui la el?<\/strong><\/h3>\n<\/div>\n<\/div>\n<\/div>\n<div class=\"gdlr-core-pbf-element\">\n<div class=\"gdlr-core-text-box-item gdlr-core-item-pdlr gdlr-core-item-pdb gdlr-core-left-align\">\n<div class=\"gdlr-core-text-box-item-content\">\n<p><a href=\"\/contact\/\" target=\"_blank\" rel=\"noopener\">Contact<\/a><\/p>\n<p><a href=\"https:\/\/www.qlab.ro\/\" target=\"_blank\" rel=\"noopener\">Research Center for Studies of food quality and agricultural products<\/a><br \/>\n<a href=\"https:\/\/www.usamv.ro\/index.php\/en\/\" target=\"_blank\" rel=\"noopener\">University of Agronomic Sciences and Veterinary Medicine of Bucharest<\/a><br \/>\nBd. M\u0103r\u0103\u0219ti 59<br \/>\nBucharest, District 1<br \/>\nRomania<\/p>\n<\/div>\n<\/div>\n<\/div>\n<p>[\/vc_column_text][\/vc_column][\/vc_row]<\/p>\n","protected":false},"excerpt":{"rendered":"<p>[vc_row][vc_column][\/vc_column][\/vc_row][vc_row container=&#8221;1&#8243; css=&#8221;.vc_custom_1635930059565{margin-top: 25px !important;}&#8221;][vc_column width=&#8221;1\/2&#8243;][vc_column_text] Obiectivul general al proiectului Hort4EUGreen este de a instrui personalul \u0219i studen\u021bii organiza\u021biilor partenere<\/p>\n","protected":false},"author":1,"featured_media":0,"parent":0,"menu_order":0,"comment_status":"closed","ping_status":"closed","template":"tpl-visual_composer.php","meta":{"footnotes":""},"class_list":["post-940","page","type-page","status-publish","hentry"],"_links":{"self":[{"href":"https:\/\/vertifarms.adelinaoprea.ro\/ro\/wp-json\/wp\/v2\/pages\/940","targetHints":{"allow":["GET"]}}],"collection":[{"href":"https:\/\/vertifarms.adelinaoprea.ro\/ro\/wp-json\/wp\/v2\/pages"}],"about":[{"href":"https:\/\/vertifarms.adelinaoprea.ro\/ro\/wp-json\/wp\/v2\/types\/page"}],"author":[{"embeddable":true,"href":"https:\/\/vertifarms.adelinaoprea.ro\/ro\/wp-json\/wp\/v2\/users\/1"}],"replies":[{"embeddable":true,"href":"https:\/\/vertifarms.adelinaoprea.ro\/ro\/wp-json\/wp\/v2\/comments?post=940"}],"version-history":[{"count":23,"href":"https:\/\/vertifarms.adelinaoprea.ro\/ro\/wp-json\/wp\/v2\/pages\/940\/revisions"}],"predecessor-version":[{"id":13222,"href":"https:\/\/vertifarms.adelinaoprea.ro\/ro\/wp-json\/wp\/v2\/pages\/940\/revisions\/13222"}],"wp:attachment":[{"href":"https:\/\/vertifarms.adelinaoprea.ro\/ro\/wp-json\/wp\/v2\/media?parent=940"}],"curies":[{"name":"wp","href":"https:\/\/api.w.org\/{rel}","templated":true}]}}