{"id":962,"date":"2021-11-03T09:58:07","date_gmt":"2021-11-03T09:58:07","guid":{"rendered":"https:\/\/hortgreen.com\/?page_id=962"},"modified":"2025-03-21T09:19:30","modified_gmt":"2025-03-21T09:19:30","slug":"results","status":"publish","type":"page","link":"https:\/\/vertifarms.adelinaoprea.ro\/ro\/results\/","title":{"rendered":"Rezultate"},"content":{"rendered":"<p>[vc_row container=&#8221;1&#8243; css=&#8221;.vc_custom_1635933864424{margin-top: 5px !important;}&#8221;][vc_column width=&#8221;1\/2&#8243;][vc_column_text]<\/p>\n<div class=\"gdlr-core-pbf-element\">\n<div class=\"gdlr-core-icon-list-item gdlr-core-item-pdlr gdlr-core-item-pdb clearfix gdlr-core-left-align gdlr-core-style-1\">\n<ul>\n<li class=\" gdlr-core-skin-divider clearfix\">\n<div class=\"gdlr-core-icon-list-content-wrap\"><span class=\"gdlr-core-icon-list-content\">M1 Evenimentul de lansare \u00een Bucure\u0219ti<\/span><\/div>\n<\/li>\n<\/ul>\n<\/div>\n<\/div>\n<div class=\"gdlr-core-pbf-element\">\n<div class=\"gdlr-core-text-box-item gdlr-core-item-pdlr gdlr-core-item-pdb gdlr-core-left-align\">\n<div class=\"gdlr-core-text-box-item-content\">\n<p>Vineri, 29 ianuarie, am lansat oficial proiectul ERASMUS + \u201d\u00cembun\u0103t\u0103\u021birea abilit\u0103\u021bilor practice ale speciali\u0219tilor \u00een horticultur\u0103 pentru a r\u0103spunde mai bine solicit\u0103rilor Pactului Verde European<\/p>\n<p>Prezentarea proiectului este disponibil\u0103 pe <a href=\"https:\/\/www.youtube.com\/channel\/UCit9TifmSecwMMwNRjdd0NA\" target=\"_blank\" rel=\"noopener\">pagina de YouTube<\/a> a proiectului.<\/p>\n<\/div>\n<\/div>\n<\/div>\n<div class=\"gdlr-core-pbf-element\">\n<div class=\"gdlr-core-icon-list-item gdlr-core-item-pdlr gdlr-core-item-pdb clearfix gdlr-core-left-align gdlr-core-style-1\">\n<ul>\n<li class=\" gdlr-core-skin-divider clearfix\"><i class=\"gdlr-core-icon-list-icon fa fa-dot-circle-o\"><\/i>\n<div class=\"gdlr-core-icon-list-content-wrap\"><span class=\"gdlr-core-icon-list-content\">MA6 Project webpage launch and updates<\/span><\/div>\n<\/li>\n<\/ul>\n<\/div>\n<\/div>\n<div class=\"gdlr-core-pbf-element\">\n<div class=\"gdlr-core-text-box-item gdlr-core-item-pdlr gdlr-core-item-pdb gdlr-core-left-align\">\n<div class=\"gdlr-core-text-box-item-content\">\n<p>Pagina web a proiectului este lansat\u0103 \u00een 4 martie 2021. Ai ajuns unde trebuie, r\u0103sfoie\u0219te paginile!<\/p>\n<\/div>\n<\/div>\n<\/div>\n<div class=\"gdlr-core-pbf-element\">\n<div class=\"gdlr-core-icon-list-item gdlr-core-item-pdlr gdlr-core-item-pdb clearfix gdlr-core-left-align gdlr-core-style-1\">\n<ul>\n<li class=\" gdlr-core-skin-divider clearfix\"><i class=\"gdlr-core-icon-list-icon fa fa-dot-circle-o\"><\/i>\n<div class=\"gdlr-core-icon-list-content-wrap\"><span class=\"gdlr-core-icon-list-content\">MA9 Comunic\u0103ri interne<\/span><\/div>\n<\/li>\n<\/ul>\n<\/div>\n<\/div>\n<div class=\"gdlr-core-pbf-element\">\n<div class=\"gdlr-core-icon-list-item gdlr-core-item-pdlr gdlr-core-item-pdb clearfix gdlr-core-left-align gdlr-core-style-1\">\n<ul>\n<li class=\" gdlr-core-skin-divider clearfix\"><i class=\"gdlr-core-icon-list-icon fa fa-dot-circle-o\"><\/i>\n<div class=\"gdlr-core-icon-list-content-wrap\"><span class=\"gdlr-core-icon-list-content\">MA13 Evenimente pentru informarea \u0219i implicarea p\u0103r\u021bilor interesate<\/span><\/div>\n<\/li>\n<\/ul>\n<\/div>\n<\/div>\n<p>[\/vc_column_text][\/vc_column][vc_column width=&#8221;1\/2&#8243;][vc_single_image image=&#8221;1162&#8243; img_size=&#8221;full&#8221;][\/vc_column][\/vc_row]<\/p>\n","protected":false},"excerpt":{"rendered":"<p>[vc_row container=&#8221;1&#8243; css=&#8221;.vc_custom_1635933864424{margin-top: 5px !important;}&#8221;][vc_column width=&#8221;1\/2&#8243;][vc_column_text] M1 Evenimentul de lansare \u00een Bucure\u0219ti Vineri, 29 ianuarie, am lansat oficial proiectul ERASMUS<\/p>\n","protected":false},"author":1,"featured_media":0,"parent":0,"menu_order":0,"comment_status":"closed","ping_status":"closed","template":"tpl-visual_composer.php","meta":{"footnotes":""},"class_list":["post-962","page","type-page","status-publish","hentry"],"_links":{"self":[{"href":"https:\/\/vertifarms.adelinaoprea.ro\/ro\/wp-json\/wp\/v2\/pages\/962","targetHints":{"allow":["GET"]}}],"collection":[{"href":"https:\/\/vertifarms.adelinaoprea.ro\/ro\/wp-json\/wp\/v2\/pages"}],"about":[{"href":"https:\/\/vertifarms.adelinaoprea.ro\/ro\/wp-json\/wp\/v2\/types\/page"}],"author":[{"embeddable":true,"href":"https:\/\/vertifarms.adelinaoprea.ro\/ro\/wp-json\/wp\/v2\/users\/1"}],"replies":[{"embeddable":true,"href":"https:\/\/vertifarms.adelinaoprea.ro\/ro\/wp-json\/wp\/v2\/comments?post=962"}],"version-history":[{"count":27,"href":"https:\/\/vertifarms.adelinaoprea.ro\/ro\/wp-json\/wp\/v2\/pages\/962\/revisions"}],"predecessor-version":[{"id":13280,"href":"https:\/\/vertifarms.adelinaoprea.ro\/ro\/wp-json\/wp\/v2\/pages\/962\/revisions\/13280"}],"wp:attachment":[{"href":"https:\/\/vertifarms.adelinaoprea.ro\/ro\/wp-json\/wp\/v2\/media?parent=962"}],"curies":[{"name":"wp","href":"https:\/\/api.w.org\/{rel}","templated":true}]}}